{"id":907,"date":"2022-11-30T12:25:40","date_gmt":"2022-11-30T12:25:40","guid":{"rendered":"https:\/\/eqpositivo.pt\/?page_id=907"},"modified":"2022-12-14T11:56:11","modified_gmt":"2022-12-14T11:56:11","slug":"genova-c-lateral-fixa","status":"publish","type":"page","link":"https:\/\/eqpositivo.pt\/en\/genova-c-lateral-fixa\/","title":{"rendered":"G\u00e9nova c\/ Lateral Fixa"},"content":{"rendered":"<div data-elementor-type=\"wp-page\" data-elementor-id=\"907\" class=\"elementor elementor-907\" data-elementor-post-type=\"page\">\n\t\t\t\t\t\t\t\t\t<section class=\"elementor-section elementor-top-section elementor-element elementor-element-2b89605 elementor-section-full_width elementor-section-height-default elementor-section-height-default\" data-id=\"2b89605\" data-element_type=\"section\">\n\t\t\t\t\t\t<div class=\"elementor-container elementor-column-gap-default\">\n\t\t\t\t\t<div class=\"elementor-column elementor-col-50 elementor-top-column elementor-element elementor-element-d6294ad\" data-id=\"d6294ad\" data-element_type=\"column\">\n\t\t\t<div class=\"elementor-widget-wrap elementor-element-populated\">\n\t\t\t\t\t\t\t\t<div class=\"elementor-element elementor-element-32c0259 elementor-widget elementor-widget-heading\" data-id=\"32c0259\" data-element_type=\"widget\" data-widget_type=\"heading.default\">\n\t\t\t\t<div class=\"elementor-widget-container\">\n\t\t\t<style>\/*! elementor - v3.17.0 - 25-10-2023 *\/\n.elementor-heading-title{padding:0;margin:0;line-height:1}.elementor-widget-heading .elementor-heading-title[class*=elementor-size-]>a{color:inherit;font-size:inherit;line-height:inherit}.elementor-widget-heading .elementor-heading-title.elementor-size-small{font-size:15px}.elementor-widget-heading .elementor-heading-title.elementor-size-medium{font-size:19px}.elementor-widget-heading .elementor-heading-title.elementor-size-large{font-size:29px}.elementor-widget-heading .elementor-heading-title.elementor-size-xl{font-size:39px}.elementor-widget-heading .elementor-heading-title.elementor-size-xxl{font-size:59px}<\/style><h1 class=\"elementor-heading-title elementor-size-default\">G\u00e9nova c\/ lateral FixA<\/h1>\t\t<\/div>\n\t\t\t\t<\/div>\n\t\t\t\t<div class=\"elementor-element elementor-element-e30f7a4 elementor-widget elementor-widget-heading\" data-id=\"e30f7a4\" data-element_type=\"widget\" data-widget_type=\"heading.default\">\n\t\t\t\t<div class=\"elementor-widget-container\">\n\t\t\t<h3 class=\"elementor-heading-title elementor-size-default\">1 Porta Pivot + Lateral Fixa<\/h3>\t\t<\/div>\n\t\t\t\t<\/div>\n\t\t\t\t\t<\/div>\n\t\t<\/div>\n\t\t\t\t<div class=\"elementor-column elementor-col-50 elementor-top-column elementor-element elementor-element-e0ae5a9\" data-id=\"e0ae5a9\" data-element_type=\"column\">\n\t\t\t<div class=\"elementor-widget-wrap elementor-element-populated\">\n\t\t\t\t\t\t\t\t<div class=\"elementor-element elementor-element-4329dc7 elementor-widget elementor-widget-text-editor\" data-id=\"4329dc7\" data-element_type=\"widget\" data-widget_type=\"text-editor.default\">\n\t\t\t\t<div class=\"elementor-widget-container\">\n\t\t\t<style>\/*! elementor - v3.17.0 - 25-10-2023 *\/\n.elementor-widget-text-editor.elementor-drop-cap-view-stacked .elementor-drop-cap{background-color:#69727d;color:#fff}.elementor-widget-text-editor.elementor-drop-cap-view-framed .elementor-drop-cap{color:#69727d;border:3px solid;background-color:transparent}.elementor-widget-text-editor:not(.elementor-drop-cap-view-default) .elementor-drop-cap{margin-top:8px}.elementor-widget-text-editor:not(.elementor-drop-cap-view-default) .elementor-drop-cap-letter{width:1em;height:1em}.elementor-widget-text-editor .elementor-drop-cap{float:left;text-align:center;line-height:1;font-size:50px}.elementor-widget-text-editor .elementor-drop-cap-letter{display:inline-block}<\/style>\t\t\t\t<p>O modelo de cabine de duche G\u00e9nova + lateral \u00e9 uma solu\u00e7\u00e3o extremamente eficaz para a necessidade colocar a cabine de duche num canto. Este modelo \u00e9 adapt\u00e1vel ao Frontal G\u00e9nova.\u00a0<\/p>\t\t\t\t\t\t<\/div>\n\t\t\t\t<\/div>\n\t\t\t\t\t<\/div>\n\t\t<\/div>\n\t\t\t\t\t\t\t<\/div>\n\t\t<\/section>\n\t\t\t\t<section class=\"elementor-section elementor-top-section elementor-element elementor-element-a8a0728 elementor-section-full_width elementor-section-height-default elementor-section-height-default\" data-id=\"a8a0728\" data-element_type=\"section\">\n\t\t\t\t\t\t<div class=\"elementor-container elementor-column-gap-default\">\n\t\t\t\t\t<div class=\"elementor-column elementor-col-100 elementor-top-column elementor-element elementor-element-6af5984\" data-id=\"6af5984\" data-element_type=\"column\">\n\t\t\t<div class=\"elementor-widget-wrap elementor-element-populated\">\n\t\t\t\t\t\t\t\t<div class=\"elementor-element elementor-element-f178486 elementor-widget elementor-widget-image\" data-id=\"f178486\" data-element_type=\"widget\" data-settings=\"{&quot;motion_fx_motion_fx_scrolling&quot;:&quot;yes&quot;,&quot;motion_fx_translateY_effect&quot;:&quot;yes&quot;,&quot;motion_fx_translateY_speed&quot;:{&quot;unit&quot;:&quot;px&quot;,&quot;size&quot;:&quot;2&quot;,&quot;sizes&quot;:[]},&quot;motion_fx_devices&quot;:[&quot;desktop&quot;],&quot;motion_fx_translateY_affectedRange&quot;:{&quot;unit&quot;:&quot;%&quot;,&quot;size&quot;:&quot;&quot;,&quot;sizes&quot;:{&quot;start&quot;:0,&quot;end&quot;:100}}}\" data-widget_type=\"image.default\">\n\t\t\t\t<div class=\"elementor-widget-container\">\n\t\t\t<style>\/*! elementor - v3.17.0 - 25-10-2023 *\/\n.elementor-widget-image{text-align:center}.elementor-widget-image a{display:inline-block}.elementor-widget-image a img[src$=\".svg\"]{width:48px}.elementor-widget-image img{vertical-align:middle;display:inline-block}<\/style>\t\t\t\t\t\t\t\t\t\t\t\t<img decoding=\"async\" loading=\"lazy\" width=\"2560\" height=\"1562\" src=\"https:\/\/eqpositivo.pt\/wp-content\/uploads\/2022\/11\/genova44-scaled.jpg\" class=\"attachment-full size-full wp-image-926\" alt=\"\" srcset=\"https:\/\/eqpositivo.pt\/wp-content\/uploads\/2022\/11\/genova44-scaled.jpg 2560w, https:\/\/eqpositivo.pt\/wp-content\/uploads\/2022\/11\/genova44-300x183.jpg 300w, https:\/\/eqpositivo.pt\/wp-content\/uploads\/2022\/11\/genova44-1024x625.jpg 1024w, https:\/\/eqpositivo.pt\/wp-content\/uploads\/2022\/11\/genova44-768x468.jpg 768w, https:\/\/eqpositivo.pt\/wp-content\/uploads\/2022\/11\/genova44-1536x937.jpg 1536w, https:\/\/eqpositivo.pt\/wp-content\/uploads\/2022\/11\/genova44-2048x1249.jpg 2048w, https:\/\/eqpositivo.pt\/wp-content\/uploads\/2022\/11\/genova44-1200x732.jpg 1200w, https:\/\/eqpositivo.pt\/wp-content\/uploads\/2022\/11\/genova44-1980x1208.jpg 1980w\" sizes=\"(max-width: 2560px) 100vw, 2560px\" \/>\t\t\t\t\t\t\t\t\t\t\t\t\t\t\t<\/div>\n\t\t\t\t<\/div>\n\t\t\t\t\t<\/div>\n\t\t<\/div>\n\t\t\t\t\t\t\t<\/div>\n\t\t<\/section>\n\t\t\t\t<section class=\"elementor-section elementor-top-section elementor-element elementor-element-f548b18 elementor-section-boxed elementor-section-height-default elementor-section-height-default\" data-id=\"f548b18\" data-element_type=\"section\">\n\t\t\t\t\t\t<div class=\"elementor-container elementor-column-gap-default\">\n\t\t\t\t\t<div class=\"elementor-column elementor-col-50 elementor-top-column elementor-element elementor-element-596cada\" data-id=\"596cada\" data-element_type=\"column\">\n\t\t\t<div class=\"elementor-widget-wrap elementor-element-populated\">\n\t\t\t\t\t\t\t\t<div class=\"elementor-element elementor-element-4c4f73c elementor-widget elementor-widget-heading\" data-id=\"4c4f73c\" data-element_type=\"widget\" data-widget_type=\"heading.default\">\n\t\t\t\t<div class=\"elementor-widget-container\">\n\t\t\t<h2 class=\"elementor-heading-title elementor-size-default\">Characteristics<\/h2>\t\t<\/div>\n\t\t\t\t<\/div>\n\t\t\t\t<div class=\"elementor-element elementor-element-44d3a4a elementor-widget elementor-widget-text-editor\" data-id=\"44d3a4a\" data-element_type=\"widget\" data-widget_type=\"text-editor.default\">\n\t\t\t\t<div class=\"elementor-widget-container\">\n\t\t\t\t\t\t\t<p>6mm tempered glass.<br \/>Chrome Aluminum Profile.<br \/>Ajustamento de 20mm de cada lado<br \/>Without bottom profile with detachable guide<br \/>Suporte de fixa\u00e7\u00e3o Cromado de 120cm inclu\u00eddo<br \/>Reversible RH and LH.<br \/>Puxador met\u00e1lico cromado<br \/>Dobradi\u00e7as lat\u00e3o cromado<br \/><span style=\"color: #00ccff;\">Anticalc\u00e1rio (dois lados)<\/span><br \/>Antibacterial profile.<br \/>Certificado EN12150 (prote\u00e7\u00e3o t\u00e9rmica, mais resist\u00eancia e maior seguran\u00e7a).<br \/>Certificado EN14428 (CE)<\/p>\t\t\t\t\t\t<\/div>\n\t\t\t\t<\/div>\n\t\t\t\t<div class=\"elementor-element elementor-element-70f7b0b elementor-widget__width-initial elementor-widget elementor-widget-text-editor\" data-id=\"70f7b0b\" data-element_type=\"widget\" data-widget_type=\"text-editor.default\">\n\t\t\t\t<div class=\"elementor-widget-container\">\n\t\t\t\t\t\t\t<p><img decoding=\"async\" loading=\"lazy\" class=\"alignnone wp-image-972 size-full\" src=\"https:\/\/eqpositivo.pt\/wp-content\/uploads\/2022\/11\/genova-c-lateral-fixa-dt1.png\" alt=\"\" width=\"1080\" height=\"1080\" srcset=\"https:\/\/eqpositivo.pt\/wp-content\/uploads\/2022\/11\/genova-c-lateral-fixa-dt1.png 1080w, https:\/\/eqpositivo.pt\/wp-content\/uploads\/2022\/11\/genova-c-lateral-fixa-dt1-300x300.png 300w, https:\/\/eqpositivo.pt\/wp-content\/uploads\/2022\/11\/genova-c-lateral-fixa-dt1-1024x1024.png 1024w, https:\/\/eqpositivo.pt\/wp-content\/uploads\/2022\/11\/genova-c-lateral-fixa-dt1-150x150.png 150w, https:\/\/eqpositivo.pt\/wp-content\/uploads\/2022\/11\/genova-c-lateral-fixa-dt1-768x768.png 768w\" sizes=\"(max-width: 1080px) 100vw, 1080px\" \/><img decoding=\"async\" loading=\"lazy\" class=\"alignnone wp-image-973 size-full\" src=\"https:\/\/eqpositivo.pt\/wp-content\/uploads\/2022\/11\/genova-c-lateral-fixa-dt2.png\" alt=\"\" width=\"1080\" height=\"1080\" srcset=\"https:\/\/eqpositivo.pt\/wp-content\/uploads\/2022\/11\/genova-c-lateral-fixa-dt2.png 1080w, https:\/\/eqpositivo.pt\/wp-content\/uploads\/2022\/11\/genova-c-lateral-fixa-dt2-300x300.png 300w, https:\/\/eqpositivo.pt\/wp-content\/uploads\/2022\/11\/genova-c-lateral-fixa-dt2-1024x1024.png 1024w, https:\/\/eqpositivo.pt\/wp-content\/uploads\/2022\/11\/genova-c-lateral-fixa-dt2-150x150.png 150w, https:\/\/eqpositivo.pt\/wp-content\/uploads\/2022\/11\/genova-c-lateral-fixa-dt2-768x768.png 768w\" sizes=\"(max-width: 1080px) 100vw, 1080px\" \/><\/p>\t\t\t\t\t\t<\/div>\n\t\t\t\t<\/div>\n\t\t\t\t\t<\/div>\n\t\t<\/div>\n\t\t\t\t<div class=\"elementor-column elementor-col-50 elementor-top-column elementor-element elementor-element-8056211\" data-id=\"8056211\" data-element_type=\"column\">\n\t\t\t<div class=\"elementor-widget-wrap elementor-element-populated\">\n\t\t\t\t\t\t\t\t<div class=\"elementor-element elementor-element-1cd915b elementor-widget elementor-widget-heading\" data-id=\"1cd915b\" data-element_type=\"widget\" data-widget_type=\"heading.default\">\n\t\t\t\t<div class=\"elementor-widget-container\">\n\t\t\t<h2 class=\"elementor-heading-title elementor-size-default\">Measures<\/h2>\t\t<\/div>\n\t\t\t\t<\/div>\n\t\t\t\t<div class=\"elementor-element elementor-element-6a5d6a6 elementor-widget__width-initial elementor-widget elementor-widget-text-editor\" data-id=\"6a5d6a6\" data-element_type=\"widget\" data-widget_type=\"text-editor.default\">\n\t\t\t\t<div class=\"elementor-widget-container\">\n\t\t\t\t\t\t\t<p><strong>Frontal\u00a0 G\u00e9nova Cromado<\/strong><\/p><p><span style=\"color: #00ccff;\">Largura :<\/span><br \/>70cm<br \/>75cm<br \/>80cm<br \/>85cm<br \/>90cm<br \/>95cm<br \/>100cm<\/p><p><span style=\"color: #00ccff;\">Altura Standard:<\/span> 200 cm<\/p>\t\t\t\t\t\t<\/div>\n\t\t\t\t<\/div>\n\t\t\t\t<div class=\"elementor-element elementor-element-a55ba07 elementor-widget__width-initial elementor-widget elementor-widget-text-editor\" data-id=\"a55ba07\" data-element_type=\"widget\" data-widget_type=\"text-editor.default\">\n\t\t\t\t<div class=\"elementor-widget-container\">\n\t\t\t\t\t\t\t<p><strong>Lateral fixo Cromado<br \/><\/strong><\/p><p><span style=\"color: #00ccff;\">Largura :<\/span><br \/>70cm<br \/>75cm<br \/>80cm<br \/>90cm<br \/>100cm<\/p><p><span style=\"color: #00ccff;\">Altura Standard:<\/span> 200 cm<\/p>\t\t\t\t\t\t<\/div>\n\t\t\t\t<\/div>\n\t\t\t\t\t<\/div>\n\t\t<\/div>\n\t\t\t\t\t\t\t<\/div>\n\t\t<\/section>\n\t\t\t\t<section class=\"elementor-section elementor-top-section elementor-element elementor-element-493970a elementor-section-boxed elementor-section-height-default elementor-section-height-default\" data-id=\"493970a\" data-element_type=\"section\">\n\t\t\t\t\t\t<div class=\"elementor-container elementor-column-gap-default\">\n\t\t\t\t\t<div class=\"elementor-column elementor-col-100 elementor-top-column elementor-element elementor-element-3b88f17\" data-id=\"3b88f17\" data-element_type=\"column\">\n\t\t\t<div class=\"elementor-widget-wrap elementor-element-populated\">\n\t\t\t\t\t\t\t\t<div class=\"elementor-element elementor-element-15404fe elementor-widget elementor-widget-image\" data-id=\"15404fe\" data-element_type=\"widget\" data-widget_type=\"image.default\">\n\t\t\t\t<div class=\"elementor-widget-container\">\n\t\t\t\t\t\t\t\t\t\t\t\t\t\t\t<img decoding=\"async\" loading=\"lazy\" width=\"580\" height=\"477\" src=\"https:\/\/eqpositivo.pt\/wp-content\/uploads\/2022\/11\/N81013-1-1024x842.jpg\" class=\"attachment-large size-large wp-image-910\" alt=\"\" srcset=\"https:\/\/eqpositivo.pt\/wp-content\/uploads\/2022\/11\/N81013-1-1024x842.jpg 1024w, https:\/\/eqpositivo.pt\/wp-content\/uploads\/2022\/11\/N81013-1-300x247.jpg 300w, https:\/\/eqpositivo.pt\/wp-content\/uploads\/2022\/11\/N81013-1-768x631.jpg 768w, https:\/\/eqpositivo.pt\/wp-content\/uploads\/2022\/11\/N81013-1-1536x1263.jpg 1536w, https:\/\/eqpositivo.pt\/wp-content\/uploads\/2022\/11\/N81013-1-1200x986.jpg 1200w, https:\/\/eqpositivo.pt\/wp-content\/uploads\/2022\/11\/N81013-1.jpg 1758w\" sizes=\"(max-width: 580px) 100vw, 580px\" \/>\t\t\t\t\t\t\t\t\t\t\t\t\t\t\t<\/div>\n\t\t\t\t<\/div>\n\t\t\t\t\t<\/div>\n\t\t<\/div>\n\t\t\t\t\t\t\t<\/div>\n\t\t<\/section>\n\t\t\t\t<section class=\"elementor-section elementor-top-section elementor-element elementor-element-0e55131 elementor-section-full_width elementor-section-height-min-height elementor-section-items-stretch elementor-section-height-default\" data-id=\"0e55131\" data-element_type=\"section\">\n\t\t\t\t\t\t<div class=\"elementor-container elementor-column-gap-default\">\n\t\t\t\t\t<div class=\"elementor-column elementor-col-100 elementor-top-column elementor-element elementor-element-afed542\" data-id=\"afed542\" data-element_type=\"column\">\n\t\t\t<div class=\"elementor-widget-wrap elementor-element-populated\">\n\t\t\t\t\t\t\t\t<div class=\"elementor-element elementor-element-2853151 elementor-widget elementor-widget-heading\" data-id=\"2853151\" data-element_type=\"widget\" data-widget_type=\"heading.default\">\n\t\t\t\t<div class=\"elementor-widget-container\">\n\t\t\t<h2 class=\"elementor-heading-title elementor-size-default\">high range<br>quality of <b> accessories<\/b><\/h2>\t\t<\/div>\n\t\t\t\t<\/div>\n\t\t\t\t<div class=\"elementor-element elementor-element-00e5650 elementor-widget elementor-widget-text-editor\" data-id=\"00e5650\" data-element_type=\"widget\" data-widget_type=\"text-editor.default\">\n\t\t\t\t<div class=\"elementor-widget-container\">\n\t\t\t\t\t\t\t<p>Our accessories are made of high quality materials in order to guarantee a better performance and durability to our products.\u00a0<\/p>\t\t\t\t\t\t<\/div>\n\t\t\t\t<\/div>\n\t\t\t\t\t<\/div>\n\t\t<\/div>\n\t\t\t\t\t\t\t<\/div>\n\t\t<\/section>\n\t\t\t\t<section class=\"elementor-section elementor-top-section elementor-element elementor-element-7829c9e elementor-section-full_width elementor-section-height-default elementor-section-height-default\" data-id=\"7829c9e\" data-element_type=\"section\">\n\t\t\t\t\t\t<div class=\"elementor-container elementor-column-gap-default\">\n\t\t\t\t\t<div class=\"elementor-column elementor-col-50 elementor-top-column elementor-element elementor-element-4844f34\" data-id=\"4844f34\" data-element_type=\"column\">\n\t\t\t<div class=\"elementor-widget-wrap elementor-element-populated\">\n\t\t\t\t\t\t\t\t<div class=\"elementor-element elementor-element-3e09341 elementor-widget-divider--view-line_text elementor-widget-divider--element-align-right elementor-widget elementor-widget-divider\" data-id=\"3e09341\" data-element_type=\"widget\" data-widget_type=\"divider.default\">\n\t\t\t\t<div class=\"elementor-widget-container\">\n\t\t\t<style>\/*! elementor - v3.17.0 - 25-10-2023 *\/\n.elementor-widget-divider{--divider-border-style:none;--divider-border-width:1px;--divider-color:#0c0d0e;--divider-icon-size:20px;--divider-element-spacing:10px;--divider-pattern-height:24px;--divider-pattern-size:20px;--divider-pattern-url:none;--divider-pattern-repeat:repeat-x}.elementor-widget-divider .elementor-divider{display:flex}.elementor-widget-divider .elementor-divider__text{font-size:15px;line-height:1;max-width:95%}.elementor-widget-divider .elementor-divider__element{margin:0 var(--divider-element-spacing);flex-shrink:0}.elementor-widget-divider .elementor-icon{font-size:var(--divider-icon-size)}.elementor-widget-divider .elementor-divider-separator{display:flex;margin:0;direction:ltr}.elementor-widget-divider--view-line_icon .elementor-divider-separator,.elementor-widget-divider--view-line_text .elementor-divider-separator{align-items:center}.elementor-widget-divider--view-line_icon .elementor-divider-separator:after,.elementor-widget-divider--view-line_icon .elementor-divider-separator:before,.elementor-widget-divider--view-line_text .elementor-divider-separator:after,.elementor-widget-divider--view-line_text .elementor-divider-separator:before{display:block;content:\"\";border-bottom:0;flex-grow:1;border-top:var(--divider-border-width) var(--divider-border-style) var(--divider-color)}.elementor-widget-divider--element-align-left .elementor-divider .elementor-divider-separator>.elementor-divider__svg:first-of-type{flex-grow:0;flex-shrink:100}.elementor-widget-divider--element-align-left .elementor-divider-separator:before{content:none}.elementor-widget-divider--element-align-left .elementor-divider__element{margin-left:0}.elementor-widget-divider--element-align-right .elementor-divider .elementor-divider-separator>.elementor-divider__svg:last-of-type{flex-grow:0;flex-shrink:100}.elementor-widget-divider--element-align-right .elementor-divider-separator:after{content:none}.elementor-widget-divider--element-align-right .elementor-divider__element{margin-right:0}.elementor-widget-divider:not(.elementor-widget-divider--view-line_text):not(.elementor-widget-divider--view-line_icon) .elementor-divider-separator{border-top:var(--divider-border-width) var(--divider-border-style) var(--divider-color)}.elementor-widget-divider--separator-type-pattern{--divider-border-style:none}.elementor-widget-divider--separator-type-pattern.elementor-widget-divider--view-line .elementor-divider-separator,.elementor-widget-divider--separator-type-pattern:not(.elementor-widget-divider--view-line) .elementor-divider-separator:after,.elementor-widget-divider--separator-type-pattern:not(.elementor-widget-divider--view-line) .elementor-divider-separator:before,.elementor-widget-divider--separator-type-pattern:not([class*=elementor-widget-divider--view]) .elementor-divider-separator{width:100%;min-height:var(--divider-pattern-height);-webkit-mask-size:var(--divider-pattern-size) 100%;mask-size:var(--divider-pattern-size) 100%;-webkit-mask-repeat:var(--divider-pattern-repeat);mask-repeat:var(--divider-pattern-repeat);background-color:var(--divider-color);-webkit-mask-image:var(--divider-pattern-url);mask-image:var(--divider-pattern-url)}.elementor-widget-divider--no-spacing{--divider-pattern-size:auto}.elementor-widget-divider--bg-round{--divider-pattern-repeat:round}.rtl .elementor-widget-divider .elementor-divider__text{direction:rtl}.e-con-inner>.elementor-widget-divider,.e-con>.elementor-widget-divider{width:var(--container-widget-width,100%);--flex-grow:var(--container-widget-flex-grow)}<\/style>\t\t<div class=\"elementor-divider\">\n\t\t\t<span class=\"elementor-divider-separator\">\n\t\t\t\t\t\t\t<span class=\"elementor-divider__text elementor-divider__element\">\n\t\t\t\tFa\u00e7a download do Manual de Instru\u00e7\u00f5es\t\t\t\t<\/span>\n\t\t\t\t\t\t<\/span>\n\t\t<\/div>\n\t\t\t\t<\/div>\n\t\t\t\t<\/div>\n\t\t\t\t\t<\/div>\n\t\t<\/div>\n\t\t\t\t<div class=\"elementor-column elementor-col-50 elementor-top-column elementor-element elementor-element-4a29167\" data-id=\"4a29167\" data-element_type=\"column\">\n\t\t\t<div class=\"elementor-widget-wrap elementor-element-populated\">\n\t\t\t\t\t\t\t\t<div class=\"elementor-element elementor-element-b9cffa8 elementor-align-right elementor-mobile-align-center elementor-widget elementor-widget-button\" data-id=\"b9cffa8\" data-element_type=\"widget\" data-widget_type=\"button.default\">\n\t\t\t\t<div class=\"elementor-widget-container\">\n\t\t\t\t\t<div class=\"elementor-button-wrapper\">\n\t\t\t<a class=\"elementor-button elementor-button-link elementor-size-sm\" href=\"https:\/\/eqpositivo.pt\/wp-content\/uploads\/2022\/12\/Instruc\u0327oes-Genova_compressed.pdf\" target=\"_blank\" download=\"\">\n\t\t\t\t\t\t<span class=\"elementor-button-content-wrapper\">\n\t\t\t\t\t\t<span class=\"elementor-button-text\">Download<\/span>\n\t\t<\/span>\n\t\t\t\t\t<\/a>\n\t\t<\/div>\n\t\t\t\t<\/div>\n\t\t\t\t<\/div>\n\t\t\t\t\t<\/div>\n\t\t<\/div>\n\t\t\t\t\t\t\t<\/div>\n\t\t<\/section>\n\t\t\t\t\t\t\t<\/div>","protected":false},"excerpt":{"rendered":"<p>G\u00e9nova c\/ lateral FixA 1 Porta Pivot + Lateral Fixa O modelo de cabine de duche G\u00e9nova + lateral \u00e9 uma solu\u00e7\u00e3o extremamente eficaz para a necessidade colocar a cabine de duche num canto. Este modelo \u00e9 adapt\u00e1vel ao Frontal G\u00e9nova.\u00a0 Carater\u00edsticas Vidro temperado de 6mmPerfil de Alum\u00ednio CromadoAjustamento de 20mm de cada ladoSem perfil [&hellip;]<\/p>","protected":false},"author":1,"featured_media":0,"parent":0,"menu_order":0,"comment_status":"closed","ping_status":"closed","template":"elementor_header_footer","meta":{"footnotes":""},"_links":{"self":[{"href":"https:\/\/eqpositivo.pt\/en\/wp-json\/wp\/v2\/pages\/907"}],"collection":[{"href":"https:\/\/eqpositivo.pt\/en\/wp-json\/wp\/v2\/pages"}],"about":[{"href":"https:\/\/eqpositivo.pt\/en\/wp-json\/wp\/v2\/types\/page"}],"author":[{"embeddable":true,"href":"https:\/\/eqpositivo.pt\/en\/wp-json\/wp\/v2\/users\/1"}],"replies":[{"embeddable":true,"href":"https:\/\/eqpositivo.pt\/en\/wp-json\/wp\/v2\/comments?post=907"}],"version-history":[{"count":12,"href":"https:\/\/eqpositivo.pt\/en\/wp-json\/wp\/v2\/pages\/907\/revisions"}],"predecessor-version":[{"id":1329,"href":"https:\/\/eqpositivo.pt\/en\/wp-json\/wp\/v2\/pages\/907\/revisions\/1329"}],"wp:attachment":[{"href":"https:\/\/eqpositivo.pt\/en\/wp-json\/wp\/v2\/media?parent=907"}],"curies":[{"name":"wp","href":"https:\/\/api.w.org\/{rel}","templated":true}]}}